{"id":13,"date":"2021-05-07T12:00:41","date_gmt":"2021-05-07T12:00:41","guid":{"rendered":"https:\/\/gracey.qodeinteractive.com\/?page_id=13"},"modified":"2024-10-03T19:53:15","modified_gmt":"2024-10-03T19:53:15","slug":"main-home","status":"publish","type":"page","link":"https:\/\/patriciagoeckert.com\/","title":{"rendered":"Main home"},"content":{"rendered":"\t\t<div data-elementor-type=\"wp-page\" data-elementor-id=\"13\" class=\"elementor elementor-13\">\n\t\t\t\t\t\t<section class=\"elementor-section elementor-top-section elementor-element elementor-element-ca9f767 elementor-section-full_width elementor-section-height-full elementor-section-height-default elementor-section-items-middle qodef-elementor-content-no\" data-id=\"ca9f767\" data-element_type=\"section\">\n\t\t\t\t\t\t<div class=\"elementor-container elementor-column-gap-default\">\n\t\t\t\t\t<div class=\"elementor-column elementor-col-100 elementor-top-column elementor-element elementor-element-fcc92df\" data-id=\"fcc92df\" data-element_type=\"column\">\n\t\t\t<div class=\"elementor-widget-wrap elementor-element-populated\">\n\t\t\t\t\t\t<div class=\"elementor-element elementor-element-c9b5630 elementor-widget elementor-widget-qi_addons_for_elementor_image_slider\" data-id=\"c9b5630\" data-element_type=\"widget\" data-widget_type=\"qi_addons_for_elementor_image_slider.default\">\n\t\t\t\t<div class=\"elementor-widget-container\">\n\t\t\t<div class=\"qodef-shortcode qodef-m  qodef-qi-image-slider qodef-qi-fslightbox-popup qodef-popup-gallery qodef-image--hover-zoom   qodef-col-num--3 qodef-qi-grid qodef-qi-swiper-container  qodef-navigation--inside  qodef-pagination--inside    qodef-navigation--hover-move\" data-options=\"{&quot;direction&quot;:&quot;horizontal&quot;,&quot;slidesPerView&quot;:&quot;3&quot;,&quot;spaceBetween&quot;:30,&quot;spaceBetweenTablet&quot;:30,&quot;spaceBetweenMobile&quot;:30,&quot;effect&quot;:&quot;&quot;,&quot;loop&quot;:true,&quot;autoplay&quot;:true,&quot;centeredSlides&quot;:false,&quot;speed&quot;:&quot;&quot;,&quot;speedAnimation&quot;:&quot;&quot;,&quot;outsideNavigation&quot;:&quot;no&quot;,&quot;outsidePagination&quot;:&quot;no&quot;,&quot;unique&quot;:743,&quot;partialValue&quot;:0,&quot;disablePartialValue&quot;:&quot;&quot;,&quot;parallax&quot;:&quot;no&quot;}\">\n\t<div class=\"swiper-wrapper\">\n\t\t<div class=\"qodef-e swiper-slide\">\n\t<div class=\"qodef-e-inner\">\n\t\t<div class=\"qodef-e-inner-holder\">\n\t\t\t\t\t\t\t<a class=\"qodef-popup-item\" itemprop=\"image\" href=\"https:\/\/patriciagoeckert.com\/wp-content\/uploads\/2024\/06\/Titel.jpg\" data-type=\"image\" data-fslightbox=\"gallery-743\">\n\t\t\t\t\t\t\t<img fetchpriority=\"high\" decoding=\"async\" width=\"500\" height=\"708\" src=\"https:\/\/patriciagoeckert.com\/wp-content\/uploads\/2024\/06\/Titel.jpg\" class=\"attachment-full size-full\" alt=\"\" srcset=\"https:\/\/patriciagoeckert.com\/wp-content\/uploads\/2024\/06\/Titel.jpg 500w, https:\/\/patriciagoeckert.com\/wp-content\/uploads\/2024\/06\/Titel-212x300.jpg 212w\" sizes=\"(max-width: 500px) 100vw, 500px\" \/>\t\t\t\t\t\t\t<\/a>\n\t\t\t\t\t<\/div>\n\t<\/div>\n\t<\/div>\n<div class=\"qodef-e swiper-slide\">\n\t<div class=\"qodef-e-inner\">\n\t\t<div class=\"qodef-e-inner-holder\">\n\t\t\t\t\t\t\t<a class=\"qodef-popup-item\" itemprop=\"image\" href=\"https:\/\/patriciagoeckert.com\/wp-content\/uploads\/2024\/06\/Titel-2.jpg\" data-type=\"image\" data-fslightbox=\"gallery-743\">\n\t\t\t\t\t\t\t<img decoding=\"async\" width=\"500\" height=\"708\" src=\"https:\/\/patriciagoeckert.com\/wp-content\/uploads\/2024\/06\/Titel-2.jpg\" class=\"attachment-full size-full\" alt=\"\" srcset=\"https:\/\/patriciagoeckert.com\/wp-content\/uploads\/2024\/06\/Titel-2.jpg 500w, https:\/\/patriciagoeckert.com\/wp-content\/uploads\/2024\/06\/Titel-2-212x300.jpg 212w\" sizes=\"(max-width: 500px) 100vw, 500px\" \/>\t\t\t\t\t\t\t<\/a>\n\t\t\t\t\t<\/div>\n\t<\/div>\n\t<\/div>\n<div class=\"qodef-e swiper-slide\">\n\t<div class=\"qodef-e-inner\">\n\t\t<div class=\"qodef-e-inner-holder\">\n\t\t\t\t\t\t\t<a class=\"qodef-popup-item\" itemprop=\"image\" href=\"https:\/\/patriciagoeckert.com\/wp-content\/uploads\/2021\/05\/Filmplakat.jpg\" data-type=\"image\" data-fslightbox=\"gallery-743\">\n\t\t\t\t\t\t\t<img decoding=\"async\" width=\"500\" height=\"708\" src=\"https:\/\/patriciagoeckert.com\/wp-content\/uploads\/2021\/05\/Filmplakat.jpg\" class=\"attachment-full size-full\" alt=\"\" srcset=\"https:\/\/patriciagoeckert.com\/wp-content\/uploads\/2021\/05\/Filmplakat.jpg 500w, https:\/\/patriciagoeckert.com\/wp-content\/uploads\/2021\/05\/Filmplakat-212x300.jpg 212w\" sizes=\"(max-width: 500px) 100vw, 500px\" \/>\t\t\t\t\t\t\t<\/a>\n\t\t\t\t\t<\/div>\n\t<\/div>\n\t<\/div>\n<div class=\"qodef-e swiper-slide\">\n\t<div class=\"qodef-e-inner\">\n\t\t<div class=\"qodef-e-inner-holder\">\n\t\t\t\t\t\t\t<a class=\"qodef-popup-item\" itemprop=\"image\" href=\"https:\/\/patriciagoeckert.com\/wp-content\/uploads\/2024\/06\/Titel-3.jpg\" data-type=\"image\" data-fslightbox=\"gallery-743\">\n\t\t\t\t\t\t\t<img loading=\"lazy\" decoding=\"async\" width=\"500\" height=\"708\" src=\"https:\/\/patriciagoeckert.com\/wp-content\/uploads\/2024\/06\/Titel-3.jpg\" class=\"attachment-full size-full\" alt=\"\" srcset=\"https:\/\/patriciagoeckert.com\/wp-content\/uploads\/2024\/06\/Titel-3.jpg 500w, https:\/\/patriciagoeckert.com\/wp-content\/uploads\/2024\/06\/Titel-3-212x300.jpg 212w\" sizes=\"(max-width: 500px) 100vw, 500px\" \/>\t\t\t\t\t\t\t<\/a>\n\t\t\t\t\t<\/div>\n\t<\/div>\n\t<\/div>\n<div class=\"qodef-e swiper-slide\">\n\t<div class=\"qodef-e-inner\">\n\t\t<div class=\"qodef-e-inner-holder\">\n\t\t\t\t\t\t\t<a class=\"qodef-popup-item\" itemprop=\"image\" href=\"https:\/\/patriciagoeckert.com\/wp-content\/uploads\/2021\/05\/Titel-2.jpg\" data-type=\"image\" data-fslightbox=\"gallery-743\">\n\t\t\t\t\t\t\t<img loading=\"lazy\" decoding=\"async\" width=\"500\" height=\"708\" src=\"https:\/\/patriciagoeckert.com\/wp-content\/uploads\/2021\/05\/Titel-2.jpg\" class=\"attachment-full size-full\" alt=\"\" srcset=\"https:\/\/patriciagoeckert.com\/wp-content\/uploads\/2021\/05\/Titel-2.jpg 500w, https:\/\/patriciagoeckert.com\/wp-content\/uploads\/2021\/05\/Titel-2-212x300.jpg 212w\" sizes=\"(max-width: 500px) 100vw, 500px\" \/>\t\t\t\t\t\t\t<\/a>\n\t\t\t\t\t<\/div>\n\t<\/div>\n\t<\/div>\n<div class=\"qodef-e swiper-slide\">\n\t<div class=\"qodef-e-inner\">\n\t\t<div class=\"qodef-e-inner-holder\">\n\t\t\t\t\t\t\t<a class=\"qodef-popup-item\" itemprop=\"image\" href=\"https:\/\/patriciagoeckert.com\/wp-content\/uploads\/2024\/10\/Titel-1.jpg\" data-type=\"image\" data-fslightbox=\"gallery-743\">\n\t\t\t\t\t\t\t<img loading=\"lazy\" decoding=\"async\" width=\"500\" height=\"708\" src=\"https:\/\/patriciagoeckert.com\/wp-content\/uploads\/2024\/10\/Titel-1.jpg\" class=\"attachment-full size-full\" alt=\"\" srcset=\"https:\/\/patriciagoeckert.com\/wp-content\/uploads\/2024\/10\/Titel-1.jpg 500w, https:\/\/patriciagoeckert.com\/wp-content\/uploads\/2024\/10\/Titel-1-212x300.jpg 212w\" sizes=\"(max-width: 500px) 100vw, 500px\" \/>\t\t\t\t\t\t\t<\/a>\n\t\t\t\t\t<\/div>\n\t<\/div>\n\t<\/div>\n<div class=\"qodef-e swiper-slide\">\n\t<div class=\"qodef-e-inner\">\n\t\t<div class=\"qodef-e-inner-holder\">\n\t\t\t\t\t\t\t<a class=\"qodef-popup-item\" itemprop=\"image\" href=\"https:\/\/patriciagoeckert.com\/wp-content\/uploads\/2024\/10\/Titel2.jpg\" data-type=\"image\" data-fslightbox=\"gallery-743\">\n\t\t\t\t\t\t\t<img loading=\"lazy\" decoding=\"async\" width=\"500\" height=\"708\" src=\"https:\/\/patriciagoeckert.com\/wp-content\/uploads\/2024\/10\/Titel2.jpg\" class=\"attachment-full size-full\" alt=\"\" srcset=\"https:\/\/patriciagoeckert.com\/wp-content\/uploads\/2024\/10\/Titel2.jpg 500w, https:\/\/patriciagoeckert.com\/wp-content\/uploads\/2024\/10\/Titel2-212x300.jpg 212w\" sizes=\"(max-width: 500px) 100vw, 500px\" \/>\t\t\t\t\t\t\t<\/a>\n\t\t\t\t\t<\/div>\n\t<\/div>\n\t<\/div>\n\t<\/div>\n\t\t<div class=\"swiper-button-prev\"><svg class=\"qodef-swiper-arrow-left\" xmlns=\"http:\/\/www.w3.org\/2000\/svg\" x=\"0px\" y=\"0px\" viewBox=\"0 0 34.2 32.3\" xml:space=\"preserve\" style=\"stroke-width: 2;\"><line x1=\"0.5\" y1=\"16\" x2=\"33.5\" y2=\"16\"\/><line x1=\"0.3\" y1=\"16.5\" x2=\"16.2\" y2=\"0.7\"\/><line x1=\"0\" y1=\"15.4\" x2=\"16.2\" y2=\"31.6\"\/><\/svg><\/div>\n\t<div class=\"swiper-button-next\"><svg class=\"qodef-swiper-arrow-right\" xmlns=\"http:\/\/www.w3.org\/2000\/svg\" x=\"0px\" y=\"0px\" viewBox=\"0 0 34.2 32.3\" xml:space=\"preserve\" style=\"stroke-width: 2;\"><line x1=\"0\" y1=\"16\" x2=\"33\" y2=\"16\"\/><line x1=\"17.3\" y1=\"0.7\" x2=\"33.2\" y2=\"16.5\"\/><line x1=\"17.3\" y1=\"31.6\" x2=\"33.5\" y2=\"15.4\"\/><\/svg><\/div>\n\t<div class=\"swiper-pagination\"><\/div>\n<\/div>\n\t\t<\/div>\n\t\t\t\t<\/div>\n\t\t\t\t\t<\/div>\n\t\t<\/div>\n\t\t\t\t\t<\/div>\n\t\t<\/section>\n\t\t\t\t<section class=\"elementor-section elementor-top-section elementor-element elementor-element-814434a elementor-section-content-middle elementor-section-full_width qodef-elementor-content-grid elementor-section-height-default elementor-section-height-default\" data-id=\"814434a\" data-element_type=\"section\">\n\t\t\t\t\t\t<div class=\"elementor-container elementor-column-gap-default\">\n\t\t\t\t\t<div class=\"make-column-clickable-elementor elementor-column elementor-col-25 elementor-top-column elementor-element elementor-element-a6e28ee\" style=\"cursor: pointer;\" data-column-clickable=\"https:\/\/patriciagoeckert.com\/?portfolio-category=photography\" data-column-clickable-blank=\"_self\" data-id=\"a6e28ee\" data-element_type=\"column\">\n\t\t\t<div class=\"elementor-widget-wrap elementor-element-populated\">\n\t\t\t\t\t\t<div class=\"elementor-element elementor-element-feab331 elementor-widget__width-initial elementor-widget-mobile__width-initial elementor-widget elementor-widget-gracey_core_numbered_text\" data-id=\"feab331\" data-element_type=\"widget\" data-widget_type=\"gracey_core_numbered_text.default\">\n\t\t\t\t<div class=\"elementor-widget-container\">\n\t\t\t<div class=\"qodef-shortcode qodef-m  qodef-numbered-text qodef-alignment--center\">\n    \t<div class=\"qodef-m-number-outline\">\n        01\t<\/div>\n    \t<div class=\"qodef-m-number\">\n        01\t<\/div>\n\t\t<h5 class=\"qodef-m-title\" >\n        photography\t<\/h5>\n\t<\/div>\t\t<\/div>\n\t\t\t\t<\/div>\n\t\t\t\t\t<\/div>\n\t\t<\/div>\n\t\t\t\t<div class=\"make-column-clickable-elementor elementor-column elementor-col-25 elementor-top-column elementor-element elementor-element-8ce980f\" style=\"cursor: pointer;\" data-column-clickable=\"https:\/\/patriciagoeckert.com\/?portfolio-category=video\" data-column-clickable-blank=\"_self\" data-id=\"8ce980f\" data-element_type=\"column\">\n\t\t\t<div class=\"elementor-widget-wrap elementor-element-populated\">\n\t\t\t\t\t\t<div class=\"elementor-element elementor-element-85e0638 elementor-widget__width-initial elementor-widget elementor-widget-gracey_core_numbered_text\" data-id=\"85e0638\" data-element_type=\"widget\" data-widget_type=\"gracey_core_numbered_text.default\">\n\t\t\t\t<div class=\"elementor-widget-container\">\n\t\t\t<div class=\"qodef-shortcode qodef-m  qodef-numbered-text qodef-alignment--center\">\n    \t<div class=\"qodef-m-number-outline\">\n        02\t<\/div>\n    \t<div class=\"qodef-m-number\">\n        02\t<\/div>\n\t\t<h5 class=\"qodef-m-title\" >\n        videography\t<\/h5>\n\t<\/div>\t\t<\/div>\n\t\t\t\t<\/div>\n\t\t\t\t\t<\/div>\n\t\t<\/div>\n\t\t\t\t<div class=\"make-column-clickable-elementor elementor-column elementor-col-25 elementor-top-column elementor-element elementor-element-04b40c9\" style=\"cursor: pointer;\" data-column-clickable=\"https:\/\/patriciagoeckert.com\/?portfolio-category=design\" data-column-clickable-blank=\"_self\" data-id=\"04b40c9\" data-element_type=\"column\">\n\t\t\t<div class=\"elementor-widget-wrap elementor-element-populated\">\n\t\t\t\t\t\t<div class=\"elementor-element elementor-element-3ba7b8b elementor-widget__width-initial elementor-widget elementor-widget-gracey_core_numbered_text\" data-id=\"3ba7b8b\" data-element_type=\"widget\" data-widget_type=\"gracey_core_numbered_text.default\">\n\t\t\t\t<div class=\"elementor-widget-container\">\n\t\t\t<div class=\"qodef-shortcode qodef-m  qodef-numbered-text qodef-alignment--center\">\n    \t<div class=\"qodef-m-number-outline\">\n        03\t<\/div>\n    \t<div class=\"qodef-m-number\">\n        03\t<\/div>\n\t\t<h5 class=\"qodef-m-title\" >\n        design\t<\/h5>\n\t<\/div>\t\t<\/div>\n\t\t\t\t<\/div>\n\t\t\t\t\t<\/div>\n\t\t<\/div>\n\t\t\t\t<div class=\"make-column-clickable-elementor elementor-column elementor-col-25 elementor-top-column elementor-element elementor-element-70afdbf\" style=\"cursor: pointer;\" data-column-clickable=\"https:\/\/patriciagoeckert.com\/?portfolio-category=illustration\" data-column-clickable-blank=\"_self\" data-id=\"70afdbf\" data-element_type=\"column\">\n\t\t\t<div class=\"elementor-widget-wrap elementor-element-populated\">\n\t\t\t\t\t\t<div class=\"elementor-element elementor-element-291943b elementor-widget__width-initial elementor-widget elementor-widget-gracey_core_numbered_text\" data-id=\"291943b\" data-element_type=\"widget\" data-widget_type=\"gracey_core_numbered_text.default\">\n\t\t\t\t<div class=\"elementor-widget-container\">\n\t\t\t<div class=\"qodef-shortcode qodef-m  qodef-numbered-text qodef-alignment--center\">\n    \t<div class=\"qodef-m-number-outline\">\n        04\t<\/div>\n    \t<div class=\"qodef-m-number\">\n        04\t<\/div>\n\t\t<h5 class=\"qodef-m-title\" >\n        illustration\t<\/h5>\n\t<\/div>\t\t<\/div>\n\t\t\t\t<\/div>\n\t\t\t\t\t<\/div>\n\t\t<\/div>\n\t\t\t\t\t<\/div>\n\t\t<\/section>\n\t\t\t\t<section class=\"elementor-section elementor-top-section elementor-element elementor-element-7beeee1 elementor-section-boxed elementor-section-height-default elementor-section-height-default qodef-elementor-content-no\" data-id=\"7beeee1\" data-element_type=\"section\">\n\t\t\t\t\t\t<div class=\"elementor-container elementor-column-gap-default\">\n\t\t\t\t\t<div class=\"elementor-column elementor-col-100 elementor-top-column elementor-element elementor-element-f1f4b24\" data-id=\"f1f4b24\" data-element_type=\"column\">\n\t\t\t<div class=\"elementor-widget-wrap elementor-element-populated\">\n\t\t\t\t\t\t<div class=\"elementor-element elementor-element-52e02ab elementor-widget elementor-widget-video\" data-id=\"52e02ab\" data-element_type=\"widget\" data-settings=\"{&quot;video_type&quot;:&quot;hosted&quot;,&quot;controls&quot;:&quot;yes&quot;}\" data-widget_type=\"video.default\">\n\t\t\t\t<div class=\"elementor-widget-container\">\n\t\t\t\t\t<div class=\"e-hosted-video elementor-wrapper elementor-open-inline\">\n\t\t\t\t\t<video class=\"elementor-video\" src=\"https:\/\/patriciagoeckert.com\/wp-content\/uploads\/2023\/05\/ShowReel_FInal.mp4\" controls=\"\" preload=\"metadata\" controlsList=\"nodownload\" poster=\"https:\/\/patriciagoeckert.com\/wp-content\/uploads\/2023\/05\/Showreel.png\"><\/video>\n\t\t\t\t<\/div>\n\t\t\t\t<\/div>\n\t\t\t\t<\/div>\n\t\t\t\t\t<\/div>\n\t\t<\/div>\n\t\t\t\t\t<\/div>\n\t\t<\/section>\n\t\t\t\t<section class=\"elementor-section elementor-top-section elementor-element elementor-element-84b6ebc elementor-section-full_width qodef-elementor-content-grid elementor-section-height-default elementor-section-height-default\" data-id=\"84b6ebc\" data-element_type=\"section\">\n\t\t\t\t\t\t<div class=\"elementor-container elementor-column-gap-default\">\n\t\t\t\t\t<div class=\"elementor-column elementor-col-33 elementor-top-column elementor-element elementor-element-7486f18\" data-id=\"7486f18\" data-element_type=\"column\">\n\t\t\t<div class=\"elementor-widget-wrap elementor-element-populated\">\n\t\t\t\t\t\t<div class=\"elementor-element elementor-element-19b36dd elementor-widget__width-initial elementor-widget-tablet__width-inherit elementor-widget elementor-widget-gracey_core_info_section\" data-id=\"19b36dd\" data-element_type=\"widget\" data-widget_type=\"gracey_core_info_section.default\">\n\t\t\t\t<div class=\"elementor-widget-container\">\n\t\t\t<div class=\"qodef-shortcode qodef-m  qodef-info-section qodef-layout--background-text  qodef-alignment--left qodef-background-text-pos--top-left\">\n\t<div class=\"qodef-m-background-text\">\n\t\t\t<span class=\"qodef-m-background-text-text\">Exhibition<\/span>\n\t<\/div>\n\t<div class=\"qodef-m-info\">\n\t\t\n\t\t\t<h3 class=\"qodef-m-title\" >\n\t\tExhibitons\t<\/h3>\n\t\t\t<p class=\"qodef-m-text\" style=\"font-size: 16px\">Hier eine Liste der Ausstellungen und Filmfestivals, auf denen meine Werke pr\u00e4sentiert wurden. <\/p>\n\t\t\t<\/div>\n<\/div>\n\t\t<\/div>\n\t\t\t\t<\/div>\n\t\t\t\t<section class=\"elementor-section elementor-inner-section elementor-element elementor-element-1ba460e elementor-section-full_width elementor-section-height-default elementor-section-height-default qodef-elementor-content-no\" data-id=\"1ba460e\" data-element_type=\"section\">\n\t\t\t\t\t\t<div class=\"elementor-container elementor-column-gap-default\">\n\t\t\t\t\t<div class=\"elementor-column elementor-col-100 elementor-inner-column elementor-element elementor-element-a020894\" data-id=\"a020894\" data-element_type=\"column\">\n\t\t\t<div class=\"elementor-widget-wrap\">\n\t\t\t\t\t\t\t<\/div>\n\t\t<\/div>\n\t\t\t\t\t<\/div>\n\t\t<\/section>\n\t\t\t\t\t<\/div>\n\t\t<\/div>\n\t\t\t\t<div class=\"elementor-column elementor-col-33 elementor-top-column elementor-element elementor-element-2ed6509\" data-id=\"2ed6509\" data-element_type=\"column\">\n\t\t\t<div class=\"elementor-widget-wrap elementor-element-populated\">\n\t\t\t\t\t\t<div class=\"elementor-element elementor-element-a7420ea elementor-widget-tablet__width-initial elementor-widget__width-initial elementor-widget elementor-widget-text-editor\" data-id=\"a7420ea\" data-element_type=\"widget\" data-widget_type=\"text-editor.default\">\n\t\t\t\t<div class=\"elementor-widget-container\">\n\t\t\t\t\t\t\t<h5>Next Comic\u00a0<\/h5><p style=\"margin-top: -20px;\">2020<\/p>\t\t\t\t\t\t<\/div>\n\t\t\t\t<\/div>\n\t\t\t\t<div class=\"elementor-element elementor-element-7090fb3 elementor-widget-tablet__width-initial elementor-widget elementor-widget-text-editor\" data-id=\"7090fb3\" data-element_type=\"widget\" data-widget_type=\"text-editor.default\">\n\t\t\t\t<div class=\"elementor-widget-container\">\n\t\t\t\t\t\t\t<h5>Einmal n\u00e4he und zeit zur\u00fcck<\/h5><p style=\"margin-top: -8px;\">2021<\/p>\t\t\t\t\t\t<\/div>\n\t\t\t\t<\/div>\n\t\t\t\t<div class=\"elementor-element elementor-element-fbda494 elementor-widget elementor-widget-text-editor\" data-id=\"fbda494\" data-element_type=\"widget\" data-widget_type=\"text-editor.default\">\n\t\t\t\t<div class=\"elementor-widget-container\">\n\t\t\t\t\t\t\t<h5>between times<\/h5><p style=\"margin-top: -20px;\">2022<\/p>\t\t\t\t\t\t<\/div>\n\t\t\t\t<\/div>\n\t\t\t\t<div class=\"elementor-element elementor-element-ea7c03e elementor-widget elementor-widget-text-editor\" data-id=\"ea7c03e\" data-element_type=\"widget\" data-widget_type=\"text-editor.default\">\n\t\t\t\t<div class=\"elementor-widget-container\">\n\t\t\t\t\t\t\t<h5>Rundgang Kunstuni Linz<\/h5><p style=\"margin-top: -20px;\">2022<\/p>\t\t\t\t\t\t<\/div>\n\t\t\t\t<\/div>\n\t\t\t\t<div class=\"elementor-element elementor-element-0aea59c elementor-widget elementor-widget-text-editor\" data-id=\"0aea59c\" data-element_type=\"widget\" data-widget_type=\"text-editor.default\">\n\t\t\t\t<div class=\"elementor-widget-container\">\n\t\t\t\t\t\t\t<h5>Crossing Europe<\/h5><p style=\"margin-top: -20px;\">2023<\/p>\t\t\t\t\t\t<\/div>\n\t\t\t\t<\/div>\n\t\t\t\t<div class=\"elementor-element elementor-element-28060bf elementor-widget elementor-widget-text-editor\" data-id=\"28060bf\" data-element_type=\"widget\" data-widget_type=\"text-editor.default\">\n\t\t\t\t<div class=\"elementor-widget-container\">\n\t\t\t\t\t\t\t<h5>Kampus<br \/>ausstellung<\/h5><p style=\"margin-top: -20px;\">2023<\/p>\t\t\t\t\t\t<\/div>\n\t\t\t\t<\/div>\n\t\t\t\t\t<\/div>\n\t\t<\/div>\n\t\t\t\t<div class=\"elementor-column elementor-col-33 elementor-top-column elementor-element elementor-element-6aed301\" data-id=\"6aed301\" data-element_type=\"column\">\n\t\t\t<div class=\"elementor-widget-wrap elementor-element-populated\">\n\t\t\t\t\t\t<div class=\"elementor-element elementor-element-9f35ee2 elementor-widget elementor-widget-text-editor\" data-id=\"9f35ee2\" data-element_type=\"widget\" data-widget_type=\"text-editor.default\">\n\t\t\t\t<div class=\"elementor-widget-container\">\n\t\t\t\t\t\t\t<h5>Tempor\u00e4r f\u00fcr Immer<\/h5><p style=\"margin-top: -20px;\">2023<\/p>\t\t\t\t\t\t<\/div>\n\t\t\t\t<\/div>\n\t\t\t\t<div class=\"elementor-element elementor-element-0ed0250 elementor-widget elementor-widget-text-editor\" data-id=\"0ed0250\" data-element_type=\"widget\" data-widget_type=\"text-editor.default\">\n\t\t\t\t<div class=\"elementor-widget-container\">\n\t\t\t\t\t\t\t<h5>Rundgang Kunstuni Linz<\/h5><p style=\"margin-top: -20px;\">2023<\/p>\t\t\t\t\t\t<\/div>\n\t\t\t\t<\/div>\n\t\t\t\t<div class=\"elementor-element elementor-element-ed85d30 elementor-widget-tablet__width-initial elementor-widget elementor-widget-text-editor\" data-id=\"ed85d30\" data-element_type=\"widget\" data-widget_type=\"text-editor.default\">\n\t\t\t\t<div class=\"elementor-widget-container\">\n\t\t\t\t\t\t\t<h5>Time Out ausstellung Ars ELectronica<\/h5><p style=\"margin-top: -20px;\">2023<\/p>\t\t\t\t\t\t<\/div>\n\t\t\t\t<\/div>\n\t\t\t\t<div class=\"elementor-element elementor-element-c132f51 elementor-widget-tablet__width-initial elementor-widget elementor-widget-text-editor\" data-id=\"c132f51\" data-element_type=\"widget\" data-widget_type=\"text-editor.default\">\n\t\t\t\t<div class=\"elementor-widget-container\">\n\t\t\t\t\t\t\t<h5>Am Beckenboden<\/h5><p style=\"margin-top: -20px;\">2024<\/p>\t\t\t\t\t\t<\/div>\n\t\t\t\t<\/div>\n\t\t\t\t<div class=\"elementor-element elementor-element-281ded3 elementor-widget-tablet__width-initial elementor-widget elementor-widget-text-editor\" data-id=\"281ded3\" data-element_type=\"widget\" data-widget_type=\"text-editor.default\">\n\t\t\t\t<div class=\"elementor-widget-container\">\n\t\t\t\t\t\t\t<h5>Syrup<\/h5><p style=\"margin-top: -20px;\">2024<\/p>\t\t\t\t\t\t<\/div>\n\t\t\t\t<\/div>\n\t\t\t\t<div class=\"elementor-element elementor-element-b55e936 elementor-widget-tablet__width-initial elementor-widget elementor-widget-text-editor\" data-id=\"b55e936\" data-element_type=\"widget\" data-widget_type=\"text-editor.default\">\n\t\t\t\t<div class=\"elementor-widget-container\">\n\t\t\t\t\t\t\t<h5>Kunstgallerie Lichtraum 1 by Paul Siblik<\/h5><p style=\"margin-top: -20px;\">2024<\/p>\t\t\t\t\t\t<\/div>\n\t\t\t\t<\/div>\n\t\t\t\t\t<\/div>\n\t\t<\/div>\n\t\t\t\t\t<\/div>\n\t\t<\/section>\n\t\t\t\t<section class=\"elementor-section elementor-top-section elementor-element elementor-element-1785914 elementor-section-boxed elementor-section-height-default elementor-section-height-default qodef-elementor-content-no\" data-id=\"1785914\" data-element_type=\"section\">\n\t\t\t\t\t\t<div class=\"elementor-container elementor-column-gap-default\">\n\t\t\t\t\t<div class=\"elementor-column elementor-col-100 elementor-top-column elementor-element elementor-element-89250b5\" data-id=\"89250b5\" data-element_type=\"column\">\n\t\t\t<div class=\"elementor-widget-wrap\">\n\t\t\t\t\t\t\t<\/div>\n\t\t<\/div>\n\t\t\t\t\t<\/div>\n\t\t<\/section>\n\t\t\t\t<\/div>\n\t\t","protected":false},"excerpt":{"rendered":"<p>01 01 photography 02 02 videography 03 03 design 04 04 illustration https:\/\/patriciagoeckert.com\/wp-content\/uploads\/2023\/05\/ShowReel_FInal.mp4 Exhibition Exhibitons Hier eine Liste der Ausstellungen und Filmfestivals, auf denen meine Werke pr\u00e4sentiert wurden. Next Comic\u00a0 2020 Einmal n\u00e4he und zeit zur\u00fcck 2021 between times 2022 Rundgang Kunstuni Linz 2022 Crossing Europe 2023 Kampusausstellung 2023 Tempor\u00e4r f\u00fcr Immer 2023 Rundgang Kunstuni [&hellip;]<\/p>\n","protected":false},"author":1,"featured_media":0,"parent":0,"menu_order":0,"comment_status":"closed","ping_status":"closed","template":"page-full-width.php","meta":{"footnotes":""},"class_list":["post-13","page","type-page","status-publish","hentry"],"_links":{"self":[{"href":"https:\/\/patriciagoeckert.com\/index.php?rest_route=\/wp\/v2\/pages\/13"}],"collection":[{"href":"https:\/\/patriciagoeckert.com\/index.php?rest_route=\/wp\/v2\/pages"}],"about":[{"href":"https:\/\/patriciagoeckert.com\/index.php?rest_route=\/wp\/v2\/types\/page"}],"author":[{"embeddable":true,"href":"https:\/\/patriciagoeckert.com\/index.php?rest_route=\/wp\/v2\/users\/1"}],"replies":[{"embeddable":true,"href":"https:\/\/patriciagoeckert.com\/index.php?rest_route=%2Fwp%2Fv2%2Fcomments&post=13"}],"version-history":[{"count":69,"href":"https:\/\/patriciagoeckert.com\/index.php?rest_route=\/wp\/v2\/pages\/13\/revisions"}],"predecessor-version":[{"id":8610,"href":"https:\/\/patriciagoeckert.com\/index.php?rest_route=\/wp\/v2\/pages\/13\/revisions\/8610"}],"wp:attachment":[{"href":"https:\/\/patriciagoeckert.com\/index.php?rest_route=%2Fwp%2Fv2%2Fmedia&parent=13"}],"curies":[{"name":"wp","href":"https:\/\/api.w.org\/{rel}","templated":true}]}}